{"id":2,"date":"2016-06-05T15:54:47","date_gmt":"2016-06-05T14:54:47","guid":{"rendered":"http:\/\/lesplacidesanimes.fr\/?page_id=2"},"modified":"2020-02-29T15:32:21","modified_gmt":"2020-02-29T14:32:21","slug":"a_propos","status":"publish","type":"page","link":"https:\/\/lesplacidesanimes.fr\/index.php\/a_propos\/","title":{"rendered":"A Propos de Nous&#8230;"},"content":{"rendered":"\n<p>Bienvenue c&rsquo;est le site des placides anim\u00e9s !!!<\/p>\n\n\n\n<p>Tout le monde a un site aujourd&rsquo;hui, c&rsquo;est pourquoi nous en avons cr\u00e9\u00e9 un aujourd&rsquo;hui&#8230;<\/p>\n\n\n\n<p class=\"has-text-align-center\">&#x1f600;&#x1f600;&#x1f600;<\/p>\n\n\n\n<p class=\"has-text-align-center\">Groupe de Blues-Rock  acoustique  et chansons Fran\u00e7aises  !!!<\/p>\n\n\n\n<p>Nous interpr\u00e9tons des morceaux connus et nous cr\u00e9ons \u00e9galement nos propres compositions.<\/p>\n\n\n\n<p>Vous y trouverez l&rsquo;essentiel de nos informations !!<\/p>\n\n\n\n<p>Vous aurez la primeur de nos concerts et les informations qui vous int\u00e9ressent si vous nous laissez votre adresse mail dans le formulaire de contact en <a href=\"https:\/\/lesplacidesanimes.fr\/index.php\/formulaire-de-contact\/\">cliquant ici<\/a>.<\/p>\n\n\n\n<p>Vous pouvez \u00e9galement nous suivre sur notre page Facebook en <a href=\"https:\/\/www.facebook.com\/Les-Placides-Anim\u00e9s-402092759957740\/\" target=\"_blank\" rel=\"noreferrer noopener\" aria-label=\"cliquant ici (opens in a new tab)\">cliquant ici<\/a><\/p>\n\n\n\n<p>A tr\u00e8s vite pour des moments de partage et de musique !!!<\/p>\n\n\n\n<p class=\"has-text-align-center\"><strong><span style=\"text-decoration: underline;\">Voici l&rsquo;\u00e9quipe :<\/span><\/strong><\/p>\n\n\n\n<p>Guitare et Ch\u0153ur : <strong>LANTO<\/strong>  <\/p>\n\n\n\n<p>Guitare  et Ch\u0153ur &nbsp;: <strong>NONO<\/strong><\/p>\n\n\n\n<p>Chant : <strong>TONIO !<\/strong><\/p>\n\n\n\n<p>Sonorisation, effets et arrangements : <strong>SINED<\/strong><\/p>\n\n\n\n<p>Fan Club : adressez-vous \u00e0 Dani\u00e8le ou S\u00e9verine<\/p>\n\n\n\n<p>Administration : La Spirale IM<\/p>\n","protected":false},"excerpt":{"rendered":"<p>Bienvenue c&rsquo;est le site des placides anim\u00e9s !!! Tout le monde a un site aujourd&rsquo;hui, c&rsquo;est pourquoi nous en avons cr\u00e9\u00e9 un aujourd&rsquo;hui&#8230; &#x1f600;&#x1f600;&#x1f600; Groupe de Blues-Rock acoustique et chansons Fran\u00e7aises !!! Nous interpr\u00e9tons des morceaux connus et nous cr\u00e9ons \u00e9galement nos propres compositions. Vous y trouverez l&rsquo;essentiel de nos informations !! Vous aurez la&hellip; <a href=\"https:\/\/lesplacidesanimes.fr\/index.php\/a_propos\/\" class=\"read-more\">Continue reading A Propos de Nous&#8230;<\/a><\/p>\n","protected":false},"author":1,"featured_media":0,"parent":0,"menu_order":0,"comment_status":"closed","ping_status":"open","template":"","meta":{"jetpack_post_was_ever_published":false,"footnotes":""},"class_list":["post-2","page","type-page","status-publish","hentry"],"jetpack_sharing_enabled":true,"jetpack_shortlink":"https:\/\/wp.me\/PaSi3q-2","_links":{"self":[{"href":"https:\/\/lesplacidesanimes.fr\/index.php\/wp-json\/wp\/v2\/pages\/2"}],"collection":[{"href":"https:\/\/lesplacidesanimes.fr\/index.php\/wp-json\/wp\/v2\/pages"}],"about":[{"href":"https:\/\/lesplacidesanimes.fr\/index.php\/wp-json\/wp\/v2\/types\/page"}],"author":[{"embeddable":true,"href":"https:\/\/lesplacidesanimes.fr\/index.php\/wp-json\/wp\/v2\/users\/1"}],"replies":[{"embeddable":true,"href":"https:\/\/lesplacidesanimes.fr\/index.php\/wp-json\/wp\/v2\/comments?post=2"}],"version-history":[{"count":8,"href":"https:\/\/lesplacidesanimes.fr\/index.php\/wp-json\/wp\/v2\/pages\/2\/revisions"}],"predecessor-version":[{"id":313,"href":"https:\/\/lesplacidesanimes.fr\/index.php\/wp-json\/wp\/v2\/pages\/2\/revisions\/313"}],"wp:attachment":[{"href":"https:\/\/lesplacidesanimes.fr\/index.php\/wp-json\/wp\/v2\/media?parent=2"}],"curies":[{"name":"wp","href":"https:\/\/api.w.org\/{rel}","templated":true}]}}