{"id":13,"date":"2016-06-05T17:10:05","date_gmt":"2016-06-05T16:10:05","guid":{"rendered":"http:\/\/lesplacidesanimes.fr\/?page_id=13"},"modified":"2022-04-09T08:32:01","modified_gmt":"2022-04-09T07:32:01","slug":"contact","status":"publish","type":"page","link":"https:\/\/lesplacidesanimes.fr\/index.php\/contact\/","title":{"rendered":"Contact"},"content":{"rendered":"<p style=\"text-align: center;\"><strong>Nous \u00e9crire :<\/strong><\/p>\n<p style=\"text-align: center;\"><strong>La Spirale IM<\/strong><\/p>\n<p style=\"text-align: center;\"><strong>Les placides Anim\u00e9s<\/strong><\/p>\n<p style=\"text-align: center;\">9A Bd de Strasbourg<\/p>\n<p style=\"text-align: center;\">83 000 TOULON<\/p>\n<p style=\"text-align: center;\"><strong>Tel : 06 77 08 13 81 (Lanto)<\/strong><\/p>\n<p style=\"text-align: center;\"><strong>Tel : 06 95 38 40 29 (Bruno)<\/strong><\/p>\n<hr \/>\n<p style=\"text-align: center;\"><strong>Nous envoyer un mail :<\/strong><\/p>\n<p style=\"text-align: center;\"><a href=\"mailto:laspiraleici@gmail.com\">laspiraleici@gmail.com<\/a><\/p>\n<hr \/>\n<p style=\"text-align: center;\">\n<div class=\"wpcf7 no-js\" id=\"wpcf7-f58-o1\" lang=\"en-US\" dir=\"ltr\" data-wpcf7-id=\"58\">\n<div class=\"screen-reader-response\"><p role=\"status\" aria-live=\"polite\" aria-atomic=\"true\"><\/p> <ul><\/ul><\/div>\n<form action=\"\/index.php\/wp-json\/wp\/v2\/pages\/13#wpcf7-f58-o1\" method=\"post\" class=\"wpcf7-form init\" aria-label=\"Contact form\" novalidate=\"novalidate\" data-status=\"init\">\n<div style=\"display: none;\">\n<input type=\"hidden\" name=\"_wpcf7\" value=\"58\" \/>\n<input type=\"hidden\" name=\"_wpcf7_version\" value=\"6.0.6\" \/>\n<input type=\"hidden\" name=\"_wpcf7_locale\" value=\"en_US\" \/>\n<input type=\"hidden\" name=\"_wpcf7_unit_tag\" value=\"wpcf7-f58-o1\" \/>\n<input type=\"hidden\" name=\"_wpcf7_container_post\" value=\"0\" \/>\n<input type=\"hidden\" name=\"_wpcf7_posted_data_hash\" value=\"\" \/>\n<\/div>\n<p><label> Votre nom (obligatoire)<br \/>\n<span class=\"wpcf7-form-control-wrap\" data-name=\"your-name\"><input size=\"40\" maxlength=\"400\" class=\"wpcf7-form-control wpcf7-text wpcf7-validates-as-required\" aria-required=\"true\" aria-invalid=\"false\" value=\"\" type=\"text\" name=\"your-name\" \/><\/span> <\/label>\n<\/p>\n<p><label> Votre e-mail (obligatoire)<br \/>\n<span class=\"wpcf7-form-control-wrap\" data-name=\"your-email\"><input size=\"40\" maxlength=\"400\" class=\"wpcf7-form-control wpcf7-email wpcf7-validates-as-required wpcf7-text wpcf7-validates-as-email\" aria-required=\"true\" aria-invalid=\"false\" value=\"\" type=\"email\" name=\"your-email\" \/><\/span> <\/label>\n<\/p>\n<p><label> Sujet<br \/>\n<span class=\"wpcf7-form-control-wrap\" data-name=\"your-subject\"><input size=\"40\" maxlength=\"400\" class=\"wpcf7-form-control wpcf7-text\" aria-invalid=\"false\" value=\"\" type=\"text\" name=\"your-subject\" \/><\/span> <\/label>\n<\/p>\n<p><label> Votre message<br \/>\n<span class=\"wpcf7-form-control-wrap\" data-name=\"your-message\"><textarea cols=\"40\" rows=\"10\" maxlength=\"2000\" class=\"wpcf7-form-control wpcf7-textarea\" aria-invalid=\"false\" name=\"your-message\"><\/textarea><\/span> <\/label>\n<\/p>\n<p><input class=\"wpcf7-form-control wpcf7-submit has-spinner\" type=\"submit\" value=\"Envoyer\" \/>\n<\/p><p style=\"display: none !important;\" class=\"akismet-fields-container\" data-prefix=\"_wpcf7_ak_\"><label>&#916;<textarea name=\"_wpcf7_ak_hp_textarea\" cols=\"45\" rows=\"8\" maxlength=\"100\"><\/textarea><\/label><input type=\"hidden\" id=\"ak_js_1\" name=\"_wpcf7_ak_js\" value=\"54\"\/><script>document.getElementById( \"ak_js_1\" ).setAttribute( \"value\", ( new Date() ).getTime() );<\/script><\/p><div class=\"wpcf7-response-output\" aria-hidden=\"true\"><\/div>\n<\/form>\n<\/div>\n<\/p>\n<p>donn\u00e9es administratives :<\/p>\n<p>siret : 791 886 724 00016<\/p>\n<p>d\u00e9claration d&rsquo;activit\u00e9 de formation\u00a0 : 93131482913<\/p>\n<p>Licence de spectacle n\u00b0 2-1110589\/ 3-1110590<\/p>\n","protected":false},"excerpt":{"rendered":"<p>Nous \u00e9crire : La Spirale IM Les placides Anim\u00e9s 9A Bd de Strasbourg 83 000 TOULON Tel : 06 77 08 13 81 (Lanto) Tel : 06 95 38 40 29 (Bruno) Nous envoyer un mail : laspiraleici@gmail.com donn\u00e9es administratives : siret : 791 886 724 00016 d\u00e9claration d&rsquo;activit\u00e9 de formation\u00a0 : 93131482913 Licence de&hellip; <a href=\"https:\/\/lesplacidesanimes.fr\/index.php\/contact\/\" class=\"read-more\">Continue reading Contact<\/a><\/p>\n","protected":false},"author":1,"featured_media":0,"parent":0,"menu_order":0,"comment_status":"closed","ping_status":"closed","template":"","meta":{"jetpack_post_was_ever_published":false,"footnotes":""},"class_list":["post-13","page","type-page","status-publish","hentry"],"jetpack_sharing_enabled":true,"jetpack_shortlink":"https:\/\/wp.me\/PaSi3q-d","_links":{"self":[{"href":"https:\/\/lesplacidesanimes.fr\/index.php\/wp-json\/wp\/v2\/pages\/13"}],"collection":[{"href":"https:\/\/lesplacidesanimes.fr\/index.php\/wp-json\/wp\/v2\/pages"}],"about":[{"href":"https:\/\/lesplacidesanimes.fr\/index.php\/wp-json\/wp\/v2\/types\/page"}],"author":[{"embeddable":true,"href":"https:\/\/lesplacidesanimes.fr\/index.php\/wp-json\/wp\/v2\/users\/1"}],"replies":[{"embeddable":true,"href":"https:\/\/lesplacidesanimes.fr\/index.php\/wp-json\/wp\/v2\/comments?post=13"}],"version-history":[{"count":9,"href":"https:\/\/lesplacidesanimes.fr\/index.php\/wp-json\/wp\/v2\/pages\/13\/revisions"}],"predecessor-version":[{"id":446,"href":"https:\/\/lesplacidesanimes.fr\/index.php\/wp-json\/wp\/v2\/pages\/13\/revisions\/446"}],"wp:attachment":[{"href":"https:\/\/lesplacidesanimes.fr\/index.php\/wp-json\/wp\/v2\/media?parent=13"}],"curies":[{"name":"wp","href":"https:\/\/api.w.org\/{rel}","templated":true}]}}